{"id":9,"date":"2022-09-17T03:06:05","date_gmt":"2022-09-17T03:06:05","guid":{"rendered":"http:\/\/bryanrancourt.com\/?page_id=9"},"modified":"2022-09-17T12:50:31","modified_gmt":"2022-09-17T12:50:31","slug":"coursdeguitare","status":"publish","type":"page","link":"https:\/\/bryanrancourt.com\/","title":{"rendered":"Cours de guitare Bryan Rancourt"},"content":{"rendered":"<p>[et_pb_section fb_built=\u00a0\u00bb1&Prime; _builder_version=\u00a0\u00bb4.18.0&Prime; _module_preset=\u00a0\u00bbdefault\u00a0\u00bb background_video_mp4=\u00a0\u00bbhttps:\/\/bryanrancourt.com\/wp-content\/uploads\/2022\/09\/pexels-mart-production-8103311.mp4&Prime; height=\u00a0\u00bb844px\u00a0\u00bb global_colors_info=\u00a0\u00bb{}\u00a0\u00bb][et_pb_row _builder_version=\u00a0\u00bb4.18.0&Prime; _module_preset=\u00a0\u00bbdefault\u00a0\u00bb global_colors_info=\u00a0\u00bb{}\u00a0\u00bb][et_pb_column type=\u00a0\u00bb4_4&Prime; _builder_version=\u00a0\u00bb4.18.0&Prime; _module_preset=\u00a0\u00bbdefault\u00a0\u00bb global_colors_info=\u00a0\u00bb{}\u00a0\u00bb][et_pb_text _builder_version=\u00a0\u00bb4.18.0&Prime; _module_preset=\u00a0\u00bbdefault\u00a0\u00bb header_text_align=\u00a0\u00bbleft\u00a0\u00bb hover_enabled=\u00a0\u00bb0&Prime; header_text_shadow_style=\u00a0\u00bbpreset1&Prime; header_2_text_shadow_style=\u00a0\u00bbpreset2&Prime; global_colors_info=\u00a0\u00bb{}\u00a0\u00bb sticky_enabled=\u00a0\u00bb0&Prime; header_font_size=\u00a0\u00bb32px\u00a0\u00bb header_2_font_size=\u00a0\u00bb28px\u00a0\u00bb]<\/p>\n<h1><span style=\"color: #ffffff;\"><strong>Cours de guitare | Niveau d\u00e9butant, interm\u00e9diaire et avanc\u00e9<\/strong><\/span><\/h1>\n<h2><span style=\"color: #ffffff;\"><strong>Guitare classique, folk et guitare \u00e9lectrique<\/strong><\/span><\/h2>\n<h2><span style=\"color: #ffffff;\">\u00a0<\/span><\/h2>\n<h2><span style=\"color: #ffffff;\"><strong><br \/>Informations :<\/strong><\/span><\/h2>\n<h2><span style=\"color: #ffffff;\"><strong> <\/strong><\/span><\/h2>\n<h2><span style=\"color: #ffffff;\"><strong>Bryan Rancourt<\/strong><\/span><br \/><span style=\"color: #ffffff;\"> <strong>418 228-7569<\/strong><\/span><\/h2>\n<p>[\/et_pb_text][\/et_pb_column][\/et_pb_row][\/et_pb_section]<\/p>\n","protected":false},"excerpt":{"rendered":"<p>Cours de guitare | Niveau d\u00e9butant, interm\u00e9diaire et avanc\u00e9 Guitare classique, folk et guitare \u00e9lectrique \u00a0 Informations : Bryan Rancourt 418 228-7569<\/p>\n","protected":false},"author":1,"featured_media":0,"parent":0,"menu_order":0,"comment_status":"closed","ping_status":"closed","template":"","meta":{"_et_pb_use_builder":"on","_et_pb_old_content":"","_et_gb_content_width":"","footnotes":""},"class_list":["post-9","page","type-page","status-publish","hentry"],"aioseo_notices":[],"_links":{"self":[{"href":"https:\/\/bryanrancourt.com\/index.php?rest_route=\/wp\/v2\/pages\/9","targetHints":{"allow":["GET"]}}],"collection":[{"href":"https:\/\/bryanrancourt.com\/index.php?rest_route=\/wp\/v2\/pages"}],"about":[{"href":"https:\/\/bryanrancourt.com\/index.php?rest_route=\/wp\/v2\/types\/page"}],"author":[{"embeddable":true,"href":"https:\/\/bryanrancourt.com\/index.php?rest_route=\/wp\/v2\/users\/1"}],"replies":[{"embeddable":true,"href":"https:\/\/bryanrancourt.com\/index.php?rest_route=%2Fwp%2Fv2%2Fcomments&post=9"}],"version-history":[{"count":16,"href":"https:\/\/bryanrancourt.com\/index.php?rest_route=\/wp\/v2\/pages\/9\/revisions"}],"predecessor-version":[{"id":46,"href":"https:\/\/bryanrancourt.com\/index.php?rest_route=\/wp\/v2\/pages\/9\/revisions\/46"}],"wp:attachment":[{"href":"https:\/\/bryanrancourt.com\/index.php?rest_route=%2Fwp%2Fv2%2Fmedia&parent=9"}],"curies":[{"name":"wp","href":"https:\/\/api.w.org\/{rel}","templated":true}]}}